{"id":5690,"date":"2022-02-13T16:43:35","date_gmt":"2022-02-13T15:43:35","guid":{"rendered":"https:\/\/dcneurope.eu\/?post_type=product&#038;p=5690"},"modified":"2023-10-05T11:27:33","modified_gmt":"2023-10-05T09:27:33","slug":"cs6200-28x-p-ei-r2","status":"publish","type":"product","link":"https:\/\/old.dcneurope.eu\/pl\/produkt\/cs6200-28x-p-ei-r2\/","title":{"rendered":"CS6200-28X-P-EI (R2)"},"content":{"rendered":"<div class=\"wpb-content-wrapper\"><p>[vc_row][vc_column][vc_raw_html]JTVCaHRtbF9ibG9jayUyMGlkJTNEJTIyNDE5MiUyMiU1RA==[\/vc_raw_html][\/vc_column][\/vc_row]<\/p>\n<\/div>","protected":false},"excerpt":{"rendered":"<p>Prze\u0142\u0105czniki dost\u0119powe warstwy L3 z funkcj\u0105 routera PIM \u2013 DCN CS6200-28X-P-EI (R2), 20x 10\/100\/1000Base-T RJ45 z funkcj\u0105 PoE\/PoE+ + 4x funkcja COMBO (SFP lub RJ45 z funkcj\u0105 PoE\/PoE+) + 4 x1\/10GBase-X SFP+, przeznaczone do pracy w sieciach telekomunikacyjnych, u dostawc\u00f3w us\u0142ug internetowych oraz w przedsi\u0119biorstwach z instalacj\u0105 strukturaln\u0105 10Gb.<\/p>\n","protected":false},"featured_media":5495,"template":"","meta":[],"product_brand":[],"product_cat":[285,330],"product_tag":[302,303,331,306,332],"class_list":{"0":"post-5690","1":"product","2":"type-product","3":"status-publish","4":"has-post-thumbnail","6":"product_cat-switches-pl","7":"product_cat-cs6200-access-switeches-pl","8":"product_tag-0-50-pl","9":"product_tag-1u-pl","10":"product_tag-20x-10-100-1000base-t-with-poe-370w-rj45-pl","11":"product_tag-4x-1-10gbase-x-sfp-pl","12":"product_tag-4x-combo-rj45-or-sfp-pl","14":"first","15":"instock","16":"shipping-taxable","17":"product-type-simple"},"_links":{"self":[{"href":"https:\/\/old.dcneurope.eu\/pl\/wp-json\/wp\/v2\/product\/5690","targetHints":{"allow":["GET"]}}],"collection":[{"href":"https:\/\/old.dcneurope.eu\/pl\/wp-json\/wp\/v2\/product"}],"about":[{"href":"https:\/\/old.dcneurope.eu\/pl\/wp-json\/wp\/v2\/types\/product"}],"wp:featuredmedia":[{"embeddable":true,"href":"https:\/\/old.dcneurope.eu\/pl\/wp-json\/wp\/v2\/media\/5495"}],"wp:attachment":[{"href":"https:\/\/old.dcneurope.eu\/pl\/wp-json\/wp\/v2\/media?parent=5690"}],"wp:term":[{"taxonomy":"product_brand","embeddable":true,"href":"https:\/\/old.dcneurope.eu\/pl\/wp-json\/wp\/v2\/product_brand?post=5690"},{"taxonomy":"product_cat","embeddable":true,"href":"https:\/\/old.dcneurope.eu\/pl\/wp-json\/wp\/v2\/product_cat?post=5690"},{"taxonomy":"product_tag","embeddable":true,"href":"https:\/\/old.dcneurope.eu\/pl\/wp-json\/wp\/v2\/product_tag?post=5690"}],"curies":[{"name":"wp","href":"https:\/\/api.w.org\/{rel}","templated":true}]}}